{"id":23,"date":"2017-10-31T19:30:25","date_gmt":"2017-10-31T21:30:25","guid":{"rendered":"http:\/\/danconsultoria.web202.uni5.net\/wordpress\/novo\/?page_id=23"},"modified":"2017-10-31T19:31:04","modified_gmt":"2017-10-31T21:31:04","slug":"empresas-representadas","status":"publish","type":"page","link":"https:\/\/danconsultoria.com.br\/en\/servicos\/empresas-representadas\/","title":{"rendered":"Empresas Representadas"},"content":{"rendered":"<p>Junto as empresas representadas, buscando o aumento da abrang\u00eancia das marcas no mercado, oferendo apoio no que tange a adequa\u00e7\u00e3o aos requerimentos legais e regulat\u00f3rios e garantindo o suporte no relacionamento com os consumidores finais<\/p>\n","protected":false},"excerpt":{"rendered":"<p>Junto as empresas representadas, buscando o aumento da abrang\u00eancia das marcas no mercado, oferendo apoio no que tange a adequa\u00e7\u00e3o aos requerimentos legais e regulat\u00f3rios e garantindo o suporte no relacionamento com os consumidores finais<\/p>\n","protected":false},"author":96739694,"featured_media":0,"parent":19,"menu_order":0,"comment_status":"closed","ping_status":"closed","template":"","meta":{"footnotes":""},"_links":{"self":[{"href":"https:\/\/danconsultoria.com.br\/en\/wp-json\/wp\/v2\/pages\/23"}],"collection":[{"href":"https:\/\/danconsultoria.com.br\/en\/wp-json\/wp\/v2\/pages"}],"about":[{"href":"https:\/\/danconsultoria.com.br\/en\/wp-json\/wp\/v2\/types\/page"}],"author":[{"embeddable":true,"href":"https:\/\/danconsultoria.com.br\/en\/wp-json\/wp\/v2\/users\/96739694"}],"replies":[{"embeddable":true,"href":"https:\/\/danconsultoria.com.br\/en\/wp-json\/wp\/v2\/comments?post=23"}],"version-history":[{"count":1,"href":"https:\/\/danconsultoria.com.br\/en\/wp-json\/wp\/v2\/pages\/23\/revisions"}],"predecessor-version":[{"id":24,"href":"https:\/\/danconsultoria.com.br\/en\/wp-json\/wp\/v2\/pages\/23\/revisions\/24"}],"up":[{"embeddable":true,"href":"https:\/\/danconsultoria.com.br\/en\/wp-json\/wp\/v2\/pages\/19"}],"wp:attachment":[{"href":"https:\/\/danconsultoria.com.br\/en\/wp-json\/wp\/v2\/media?parent=23"}],"curies":[{"name":"wp","href":"https:\/\/api.w.org\/{rel}","templated":true}]}}